{"id":5775,"date":"2018-06-25T05:31:02","date_gmt":"2018-06-25T04:31:02","guid":{"rendered":"https:\/\/slowemporda.cat\/inici\/"},"modified":"2025-01-14T15:18:41","modified_gmt":"2025-01-14T14:18:41","slug":"inici","status":"publish","type":"page","link":"https:\/\/slowemporda.cat\/en\/","title":{"rendered":"Slow Empord\u00e0"},"content":{"rendered":"<div class=\"wpb-content-wrapper\"><p>[vc_row][vc_column][\/vc_column][\/vc_row][vc_row full_width=&#8221;stretch_row&#8221; gap=&#8221;20&#8243; css_animation=&#8221;fadeIn&#8221; el_class=&#8221;section_large terra&#8221;][vc_column][vc_row_inner equal_height=&#8221;yes&#8221; content_placement=&#8221;bottom&#8221; gap=&#8221;20&#8243;][vc_column_inner width=&#8221;2\/3&#8243;][vc_column_text]<\/p>\n<h1 style=\"font-family: 'Fraunces', serif !important; font-weight: 200 !important; color: #211a1e !important; font-size: 32px !important; line-height: 40px !important; letter-spacing: -1px !important; margin-bottom: 20px !important;\">THE VALUE OF THE PAUSE<\/h1>\n<p>[\/vc_column_text][vc_column_text]At Slow Empord\u00e0 we invite you to rest and experience everything that the territory and culture of Empord\u00e0 has to offer. A few days to slow down, turn off the mental noise, connect with yourself, enjoy every moment as a family and appreciate the little details. Discover our accommodations.[\/vc_column_text][\/vc_column_inner][vc_column_inner width=&#8221;1\/3&#8243;][\/vc_column_inner][\/vc_row_inner][vc_row_inner equal_height=&#8221;yes&#8221; content_placement=&#8221;top&#8221; gap=&#8221;20&#8243; el_class=&#8221;section_mid&#8221;][vc_column_inner el_class=&#8221;card_allotjaments&#8221; width=&#8221;1\/3&#8243;][vc_custom_heading text=&#8221;La Figuera&#8221; font_container=&#8221;tag:h3|text_align:left&#8221;][vc_single_image image=&#8221;5128&#8243; img_size=&#8221;full&#8221;][vc_column_text]A space for families and couples, who wish to enjoy the intimacy and warmth of home. This accommodation is adapted for people with sensory diversity.[\/vc_column_text][vc_btn title=&#8221;Book now&#8221; style=&#8221;flat&#8221; shape=&#8221;round&#8221; link=&#8221;url:https%3A%2F%2Fslowemporda.cat%2Fen%2Faccommodation%2Fla-figuera%2F|title:La%20Figuera&#8221;][\/vc_column_inner][vc_column_inner el_class=&#8221;card_allotjaments&#8221; width=&#8221;1\/3&#8243;][vc_custom_heading text=&#8221;L&#8217;Olivera&#8221; font_container=&#8221;tag:h3|text_align:left&#8221;][vc_single_image image=&#8221;5124&#8243; img_size=&#8221;full&#8221;][vc_column_text]A rural accommodation created for disconnection. Ideal for sharing intimate moments with your partner or family, playing unhurriedly with your children or spending a few relaxed days with friends.[\/vc_column_text][vc_btn title=&#8221;Book now&#8221; style=&#8221;flat&#8221; shape=&#8221;round&#8221; link=&#8221;url:https%3A%2F%2Fslowemporda.cat%2Fen%2Faccommodation%2Fla-pomera%2F|title:L%E2%80%99Olivera&#8221;][\/vc_column_inner][vc_column_inner el_class=&#8221;card_allotjaments&#8221; width=&#8221;1\/3&#8243;][vc_custom_heading text=&#8221;La Pomera&#8221; font_container=&#8221;tag:h3|text_align:left&#8221;][vc_single_image image=&#8221;5121&#8243; img_size=&#8221;full&#8221;][vc_column_text]A place created for those looking for comfort and convenience, surrounded by silence, calm and nature. Perfect for a rural getaway with family or friends.[\/vc_column_text][vc_btn title=&#8221;Book now&#8221; style=&#8221;flat&#8221; shape=&#8221;round&#8221; link=&#8221;url:https%3A%2F%2Fslowemporda.cat%2Fen%2Faccommodation%2Fla-pomera%2F|title:La%20Pomera&#8221;][\/vc_column_inner][\/vc_row_inner][\/vc_column][\/vc_row][vc_row full_width=&#8221;stretch_row&#8221; gap=&#8221;20&#8243; css_animation=&#8221;fadeIn&#8221; el_class=&#8221;section_full section_large&#8221; css=&#8221;.vc_custom_1687796967357{background-image: url(https:\/\/slowemporda.cat\/wp-content\/uploads\/2023\/06\/SlowEmporda_Entorn_Empordanet.jpg?id=4952) !important;}&#8221;][vc_column][vc_row_inner equal_height=&#8221;yes&#8221; content_placement=&#8221;bottom&#8221; gap=&#8221;20&#8243;][vc_column_inner width=&#8221;1\/2&#8243;][vc_custom_heading text=&#8221;Do you want to feel like master of your time again?&#8221;][vc_column_text]We want you to enjoy the diversity and richness of the Baix Empord\u00e0, from the sea of the nearby Costa Brava to the mountains of the Montgr\u00ed massif. Respectfully with the earth, enjoying our home from the calm and tranquility offered by this little paradise that surrounds us.<\/p>\n<p><a href=\"https:\/\/slowemporda.cat\/en\/around\/\">Discover our surroundings<\/a>.[\/vc_column_text][\/vc_column_inner][vc_column_inner width=&#8221;1\/2&#8243;][\/vc_column_inner][\/vc_row_inner][\/vc_column][\/vc_row][vc_row full_width=&#8221;stretch_row&#8221; gap=&#8221;20&#8243; css_animation=&#8221;fadeIn&#8221; el_class=&#8221;section_large terra&#8221;][vc_column][vc_row_inner equal_height=&#8221;yes&#8221; content_placement=&#8221;bottom&#8221; gap=&#8221;20&#8243;][vc_column_inner width=&#8221;2\/3&#8243;][vc_custom_heading text=&#8221;<i>Slow<\/i> experiences&#8221;][vc_column_text]At Slow Empord\u00e0 we want your stay to improve your well-being and you can enjoy it intensely, in a sustainable and environmentally friendly way. That is why we have created a series of experiences so that the days you and your family live in our rural houses are unforgettable[\/vc_column_text][\/vc_column_inner][vc_column_inner width=&#8221;1\/3&#8243;][vc_column_text el_class=&#8221;right&#8221;]<a href=\"https:\/\/slowemporda.cat\/en\/experiences\/\">All experiences<\/a>[\/vc_column_text][\/vc_column_inner][\/vc_row_inner][vc_row_inner gap=&#8221;20&#8243; el_class=&#8221;section_mid&#8221;][vc_column_inner el_class=&#8221;card_experiencies&#8221; width=&#8221;1\/2&#8243;][vc_single_image image=&#8221;5175&#8243; img_size=&#8221;full&#8221;][vc_custom_heading text=&#8221;Classic car route through the Empord\u00e0&#8221; font_container=&#8221;tag:h3|text_align:left&#8221; link=&#8221;url:https%3A%2F%2Fslowemporda.cat%2Fen%2Fexperiences%2F|title:experiences|&#8221;][vc_column_text]A circular route in a classic car that will take you for two hours through the small towns of l&#8217;Empord\u00e0[\/vc_column_text][\/vc_column_inner][vc_column_inner el_class=&#8221;card_experiencies&#8221; width=&#8221;1\/2&#8243;][vc_single_image image=&#8221;5178&#8243; img_size=&#8221;full&#8221;][vc_custom_heading text=&#8221;Relaxing stay as a couple&#8221; font_container=&#8221;tag:h3|text_align:left&#8221; link=&#8221;url:https%3A%2F%2Fslowemporda.cat%2Fen%2Fexperiences%2F|title:experiences|&#8221;][vc_column_text]We prepare everything for you, so that you and your partner can give each other a dose of calm and serenity. Cava or wine + ecological basket + bouquet of flowers + two massages<br \/>\n[\/vc_column_text][\/vc_column_inner][\/vc_row_inner][\/vc_column][\/vc_row]<\/p>\n<\/div>","protected":false},"excerpt":{"rendered":"<p>[vc_row][vc_column][\/vc_column][\/vc_row][vc_row full_width=&#8221;stretch_row&#8221; gap=&#8221;20&#8243; css_animation=&#8221;fadeIn&#8221; el_class=&#8221;section_large terra&#8221;][vc_column][vc_row_inner equal_height=&#8221;yes&#8221; content_placement=&#8221;bottom&#8221; gap=&#8221;20&#8243;][vc_column_inner width=&#8221;2\/3&#8243;][vc_column_text] THE VALUE OF THE PAUSE [\/vc_column_text][vc_column_text]At Slow Empord\u00e0 we invite you to rest and experience everything that the territory and culture of Empord\u00e0 has to offer. A few days to [&hellip;]<\/p>\n","protected":false},"author":5,"featured_media":0,"parent":0,"menu_order":1,"comment_status":"closed","ping_status":"closed","template":"","meta":{"_acf_changed":false,"footnotes":""},"class_list":["post-5775","page","type-page","status-publish","hentry"],"acf":[],"yoast_head":"<!-- This site is optimized with the Yoast SEO plugin v27.4 - https:\/\/yoast.com\/product\/yoast-seo-wordpress\/ -->\n<title>Slow Empord\u00e0, charming rural accommodations in Empord\u00e0<\/title>\n<meta name=\"description\" content=\"At Slow Empord\u00e0 we invite you to rest and experience everything that the territory and culture of Empord\u00e0 has to offer. Discover our accommodations.\" \/>\n<meta name=\"robots\" content=\"index, follow, max-snippet:-1, max-image-preview:large, max-video-preview:-1\" \/>\n<link rel=\"canonical\" href=\"https:\/\/slowemporda.cat\/en\/\" \/>\n<meta property=\"og:locale\" content=\"en_US\" \/>\n<meta property=\"og:type\" content=\"article\" \/>\n<meta property=\"og:title\" content=\"Slow Empord\u00e0, charming rural accommodations in Empord\u00e0\" \/>\n<meta property=\"og:description\" content=\"At Slow Empord\u00e0 we invite you to rest and experience everything that the territory and culture of Empord\u00e0 has to offer. Discover our accommodations.\" \/>\n<meta property=\"og:url\" content=\"https:\/\/slowemporda.cat\/en\/\" \/>\n<meta property=\"og:site_name\" content=\"Slow Empord\u00e0\" \/>\n<meta property=\"article:publisher\" content=\"http:\/\/www.facebook.com\/slowemporda.cat\" \/>\n<meta property=\"article:modified_time\" content=\"2025-01-14T14:18:41+00:00\" \/>\n<meta property=\"og:image\" content=\"https:\/\/slowemporda.cat\/wp-content\/uploads\/2018\/06\/casarupia-02435.jpg\" \/>\n\t<meta property=\"og:image:width\" content=\"1600\" \/>\n\t<meta property=\"og:image:height\" content=\"2381\" \/>\n\t<meta property=\"og:image:type\" content=\"image\/jpeg\" \/>\n<meta name=\"twitter:card\" content=\"summary_large_image\" \/>\n<meta name=\"twitter:label1\" content=\"Est. reading time\" \/>\n\t<meta name=\"twitter:data1\" content=\"4 minutes\" \/>\n<script type=\"application\/ld+json\" class=\"yoast-schema-graph\">{\"@context\":\"https:\\\/\\\/schema.org\",\"@graph\":[{\"@type\":\"WebPage\",\"@id\":\"https:\\\/\\\/slowemporda.cat\\\/en\\\/\",\"url\":\"https:\\\/\\\/slowemporda.cat\\\/en\\\/\",\"name\":\"Slow Empord\u00e0, charming rural accommodations in Empord\u00e0\",\"isPartOf\":{\"@id\":\"https:\\\/\\\/slowemporda.cat\\\/#website\"},\"datePublished\":\"2018-06-25T04:31:02+00:00\",\"dateModified\":\"2025-01-14T14:18:41+00:00\",\"description\":\"At Slow Empord\u00e0 we invite you to rest and experience everything that the territory and culture of Empord\u00e0 has to offer. Discover our accommodations.\",\"breadcrumb\":{\"@id\":\"https:\\\/\\\/slowemporda.cat\\\/en\\\/#breadcrumb\"},\"inLanguage\":\"en-US\",\"potentialAction\":[{\"@type\":\"ReadAction\",\"target\":[\"https:\\\/\\\/slowemporda.cat\\\/en\\\/\"]}]},{\"@type\":\"BreadcrumbList\",\"@id\":\"https:\\\/\\\/slowemporda.cat\\\/en\\\/#breadcrumb\",\"itemListElement\":[{\"@type\":\"ListItem\",\"position\":1,\"name\":\"Inici\",\"item\":\"https:\\\/\\\/slowemporda.cat\\\/en\\\/\"},{\"@type\":\"ListItem\",\"position\":2,\"name\":\"Slow Empord\u00e0\"}]},{\"@type\":\"WebSite\",\"@id\":\"https:\\\/\\\/slowemporda.cat\\\/#website\",\"url\":\"https:\\\/\\\/slowemporda.cat\\\/\",\"name\":\"Slow Empord\u00e0\",\"description\":\"Allotjaments rurals amb encant a l&#039;Empord\u00e0\",\"publisher\":{\"@id\":\"https:\\\/\\\/slowemporda.cat\\\/#organization\"},\"potentialAction\":[{\"@type\":\"SearchAction\",\"target\":{\"@type\":\"EntryPoint\",\"urlTemplate\":\"https:\\\/\\\/slowemporda.cat\\\/?s={search_term_string}\"},\"query-input\":{\"@type\":\"PropertyValueSpecification\",\"valueRequired\":true,\"valueName\":\"search_term_string\"}}],\"inLanguage\":\"en-US\"},{\"@type\":\"Organization\",\"@id\":\"https:\\\/\\\/slowemporda.cat\\\/#organization\",\"name\":\"Slow Empord\u00e0\",\"url\":\"https:\\\/\\\/slowemporda.cat\\\/\",\"logo\":{\"@type\":\"ImageObject\",\"inLanguage\":\"en-US\",\"@id\":\"https:\\\/\\\/slowemporda.cat\\\/#\\\/schema\\\/logo\\\/image\\\/\",\"url\":\"https:\\\/\\\/slowemporda.cat\\\/wp-content\\\/uploads\\\/2023\\\/10\\\/Slow-Emporda-Logo-696.png\",\"contentUrl\":\"https:\\\/\\\/slowemporda.cat\\\/wp-content\\\/uploads\\\/2023\\\/10\\\/Slow-Emporda-Logo-696.png\",\"width\":696,\"height\":696,\"caption\":\"Slow Empord\u00e0\"},\"image\":{\"@id\":\"https:\\\/\\\/slowemporda.cat\\\/#\\\/schema\\\/logo\\\/image\\\/\"},\"sameAs\":[\"http:\\\/\\\/www.facebook.com\\\/slowemporda.cat\",\"https:\\\/\\\/www.instagram.com\\\/slowemporda.cat\\\/\"]}]}<\/script>\n<!-- \/ Yoast SEO plugin. -->","yoast_head_json":{"title":"Slow Empord\u00e0, charming rural accommodations in Empord\u00e0","description":"At Slow Empord\u00e0 we invite you to rest and experience everything that the territory and culture of Empord\u00e0 has to offer. Discover our accommodations.","robots":{"index":"index","follow":"follow","max-snippet":"max-snippet:-1","max-image-preview":"max-image-preview:large","max-video-preview":"max-video-preview:-1"},"canonical":"https:\/\/slowemporda.cat\/en\/","og_locale":"en_US","og_type":"article","og_title":"Slow Empord\u00e0, charming rural accommodations in Empord\u00e0","og_description":"At Slow Empord\u00e0 we invite you to rest and experience everything that the territory and culture of Empord\u00e0 has to offer. Discover our accommodations.","og_url":"https:\/\/slowemporda.cat\/en\/","og_site_name":"Slow Empord\u00e0","article_publisher":"http:\/\/www.facebook.com\/slowemporda.cat","article_modified_time":"2025-01-14T14:18:41+00:00","og_image":[{"width":1600,"height":2381,"url":"https:\/\/slowemporda.cat\/wp-content\/uploads\/2018\/06\/casarupia-02435.jpg","type":"image\/jpeg"}],"twitter_card":"summary_large_image","twitter_misc":{"Est. reading time":"4 minutes"},"schema":{"@context":"https:\/\/schema.org","@graph":[{"@type":"WebPage","@id":"https:\/\/slowemporda.cat\/en\/","url":"https:\/\/slowemporda.cat\/en\/","name":"Slow Empord\u00e0, charming rural accommodations in Empord\u00e0","isPartOf":{"@id":"https:\/\/slowemporda.cat\/#website"},"datePublished":"2018-06-25T04:31:02+00:00","dateModified":"2025-01-14T14:18:41+00:00","description":"At Slow Empord\u00e0 we invite you to rest and experience everything that the territory and culture of Empord\u00e0 has to offer. Discover our accommodations.","breadcrumb":{"@id":"https:\/\/slowemporda.cat\/en\/#breadcrumb"},"inLanguage":"en-US","potentialAction":[{"@type":"ReadAction","target":["https:\/\/slowemporda.cat\/en\/"]}]},{"@type":"BreadcrumbList","@id":"https:\/\/slowemporda.cat\/en\/#breadcrumb","itemListElement":[{"@type":"ListItem","position":1,"name":"Inici","item":"https:\/\/slowemporda.cat\/en\/"},{"@type":"ListItem","position":2,"name":"Slow Empord\u00e0"}]},{"@type":"WebSite","@id":"https:\/\/slowemporda.cat\/#website","url":"https:\/\/slowemporda.cat\/","name":"Slow Empord\u00e0","description":"Allotjaments rurals amb encant a l&#039;Empord\u00e0","publisher":{"@id":"https:\/\/slowemporda.cat\/#organization"},"potentialAction":[{"@type":"SearchAction","target":{"@type":"EntryPoint","urlTemplate":"https:\/\/slowemporda.cat\/?s={search_term_string}"},"query-input":{"@type":"PropertyValueSpecification","valueRequired":true,"valueName":"search_term_string"}}],"inLanguage":"en-US"},{"@type":"Organization","@id":"https:\/\/slowemporda.cat\/#organization","name":"Slow Empord\u00e0","url":"https:\/\/slowemporda.cat\/","logo":{"@type":"ImageObject","inLanguage":"en-US","@id":"https:\/\/slowemporda.cat\/#\/schema\/logo\/image\/","url":"https:\/\/slowemporda.cat\/wp-content\/uploads\/2023\/10\/Slow-Emporda-Logo-696.png","contentUrl":"https:\/\/slowemporda.cat\/wp-content\/uploads\/2023\/10\/Slow-Emporda-Logo-696.png","width":696,"height":696,"caption":"Slow Empord\u00e0"},"image":{"@id":"https:\/\/slowemporda.cat\/#\/schema\/logo\/image\/"},"sameAs":["http:\/\/www.facebook.com\/slowemporda.cat","https:\/\/www.instagram.com\/slowemporda.cat\/"]}]}},"_links":{"self":[{"href":"https:\/\/slowemporda.cat\/en\/wp-json\/wp\/v2\/pages\/5775","targetHints":{"allow":["GET"]}}],"collection":[{"href":"https:\/\/slowemporda.cat\/en\/wp-json\/wp\/v2\/pages"}],"about":[{"href":"https:\/\/slowemporda.cat\/en\/wp-json\/wp\/v2\/types\/page"}],"author":[{"embeddable":true,"href":"https:\/\/slowemporda.cat\/en\/wp-json\/wp\/v2\/users\/5"}],"replies":[{"embeddable":true,"href":"https:\/\/slowemporda.cat\/en\/wp-json\/wp\/v2\/comments?post=5775"}],"version-history":[{"count":17,"href":"https:\/\/slowemporda.cat\/en\/wp-json\/wp\/v2\/pages\/5775\/revisions"}],"predecessor-version":[{"id":6285,"href":"https:\/\/slowemporda.cat\/en\/wp-json\/wp\/v2\/pages\/5775\/revisions\/6285"}],"wp:attachment":[{"href":"https:\/\/slowemporda.cat\/en\/wp-json\/wp\/v2\/media?parent=5775"}],"curies":[{"name":"wp","href":"https:\/\/api.w.org\/{rel}","templated":true}]}}